{"id":5353,"date":"2015-05-02T15:34:35","date_gmt":"2015-05-02T14:34:35","guid":{"rendered":"https:\/\/mannafm.hu\/hosts\/"},"modified":"2019-04-18T19:21:32","modified_gmt":"2019-04-18T17:21:32","slug":"hosts","status":"publish","type":"page","link":"https:\/\/mannafm.hu\/en\/hosts\/","title":{"rendered":"Hosts"},"content":{"rendered":"","protected":false},"excerpt":{"rendered":"","protected":false},"author":5,"featured_media":5487,"parent":0,"menu_order":0,"comment_status":"open","ping_status":"closed","template":"archive-members.php","meta":{"footnotes":""},"class_list":["post-5353","page","type-page","status-publish","has-post-thumbnail","hentry"],"yoast_head":"<!-- This site is optimized with the Yoast SEO plugin v27.4 - https:\/\/yoast.com\/product\/yoast-seo-wordpress\/ -->\n<title>Hosts - Manna FM 98.6 - Hallgasd \u0151ket online is<\/title>\n<meta name=\"description\" content=\"M\u0171sorvezet\u0151k, akik vid\u00e1mak, profik, \u00e9s sz\u00f3rakoztat\u00f3ak. Ismerd meg r\u00e1di\u00f3s m\u0171sorvezet\u0151inket \u00e9s hallgasd \u0151ket a Manna FM-en!\" \/>\n<meta name=\"robots\" content=\"index, follow, max-snippet:-1, max-image-preview:large, max-video-preview:-1\" \/>\n<link rel=\"canonical\" href=\"https:\/\/mannafm.hu\/en\/hosts\/\" \/>\n<meta property=\"og:locale\" content=\"en_US\" \/>\n<meta property=\"og:type\" content=\"article\" \/>\n<meta property=\"og:title\" content=\"Hosts - Manna FM 98.6 - Hallgasd \u0151ket online is\" \/>\n<meta property=\"og:description\" content=\"M\u0171sorvezet\u0151k, akik vid\u00e1mak, profik, \u00e9s sz\u00f3rakoztat\u00f3ak. Ismerd meg r\u00e1di\u00f3s m\u0171sorvezet\u0151inket \u00e9s hallgasd \u0151ket a Manna FM-en!\" \/>\n<meta property=\"og:url\" content=\"https:\/\/mannafm.hu\/en\/hosts\/\" \/>\n<meta property=\"og:site_name\" content=\"Manna FM\" \/>\n<meta property=\"article:publisher\" content=\"https:\/\/www.facebook.com\/mannafmofficial\" \/>\n<meta property=\"article:modified_time\" content=\"2019-04-18T17:21:32+00:00\" \/>\n<meta property=\"og:image\" content=\"https:\/\/mannafm.hu\/wp-content\/uploads\/2019\/03\/Manna7.jpg\" \/>\n\t<meta property=\"og:image:width\" content=\"1200\" \/>\n\t<meta property=\"og:image:height\" content=\"628\" \/>\n\t<meta property=\"og:image:type\" content=\"image\/jpeg\" \/>\n<meta name=\"twitter:card\" content=\"summary_large_image\" \/>\n<script type=\"application\/ld+json\" class=\"yoast-schema-graph\">{\"@context\":\"https:\\\/\\\/schema.org\",\"@graph\":[{\"@type\":\"WebPage\",\"@id\":\"https:\\\/\\\/mannafm.hu\\\/en\\\/hosts\\\/\",\"url\":\"https:\\\/\\\/mannafm.hu\\\/en\\\/hosts\\\/\",\"name\":\"Hosts - Manna FM 98.6 - Hallgasd \u0151ket online is\",\"isPartOf\":{\"@id\":\"https:\\\/\\\/mannafm.hu\\\/en\\\/#website\"},\"primaryImageOfPage\":{\"@id\":\"https:\\\/\\\/mannafm.hu\\\/en\\\/hosts\\\/#primaryimage\"},\"image\":{\"@id\":\"https:\\\/\\\/mannafm.hu\\\/en\\\/hosts\\\/#primaryimage\"},\"thumbnailUrl\":\"https:\\\/\\\/mannafm.hu\\\/wp-content\\\/uploads\\\/2019\\\/02\\\/Manna_fm_global_header_img_s.jpg\",\"datePublished\":\"2015-05-02T14:34:35+00:00\",\"dateModified\":\"2019-04-18T17:21:32+00:00\",\"description\":\"M\u0171sorvezet\u0151k, akik vid\u00e1mak, profik, \u00e9s sz\u00f3rakoztat\u00f3ak. Ismerd meg r\u00e1di\u00f3s m\u0171sorvezet\u0151inket \u00e9s hallgasd \u0151ket a Manna FM-en!\",\"breadcrumb\":{\"@id\":\"https:\\\/\\\/mannafm.hu\\\/en\\\/hosts\\\/#breadcrumb\"},\"inLanguage\":\"en-US\",\"potentialAction\":[{\"@type\":\"ReadAction\",\"target\":[\"https:\\\/\\\/mannafm.hu\\\/en\\\/hosts\\\/\"]}]},{\"@type\":\"ImageObject\",\"inLanguage\":\"en-US\",\"@id\":\"https:\\\/\\\/mannafm.hu\\\/en\\\/hosts\\\/#primaryimage\",\"url\":\"https:\\\/\\\/mannafm.hu\\\/wp-content\\\/uploads\\\/2019\\\/02\\\/Manna_fm_global_header_img_s.jpg\",\"contentUrl\":\"https:\\\/\\\/mannafm.hu\\\/wp-content\\\/uploads\\\/2019\\\/02\\\/Manna_fm_global_header_img_s.jpg\",\"width\":2000,\"height\":700},{\"@type\":\"BreadcrumbList\",\"@id\":\"https:\\\/\\\/mannafm.hu\\\/en\\\/hosts\\\/#breadcrumb\",\"itemListElement\":[{\"@type\":\"ListItem\",\"position\":1,\"name\":\"HOME\",\"item\":\"https:\\\/\\\/mannafm.hu\\\/en\\\/mannafm-we-tune-you-in-to-joy\\\/\"},{\"@type\":\"ListItem\",\"position\":2,\"name\":\"Hosts\"}]},{\"@type\":\"WebSite\",\"@id\":\"https:\\\/\\\/mannafm.hu\\\/en\\\/#website\",\"url\":\"https:\\\/\\\/mannafm.hu\\\/en\\\/\",\"name\":\"Manna FM\",\"description\":\"Manna FM - We tune you in to joy!\",\"publisher\":{\"@id\":\"https:\\\/\\\/mannafm.hu\\\/en\\\/#organization\"},\"potentialAction\":[{\"@type\":\"SearchAction\",\"target\":{\"@type\":\"EntryPoint\",\"urlTemplate\":\"https:\\\/\\\/mannafm.hu\\\/en\\\/?s={search_term_string}\"},\"query-input\":{\"@type\":\"PropertyValueSpecification\",\"valueRequired\":true,\"valueName\":\"search_term_string\"}}],\"inLanguage\":\"en-US\"},{\"@type\":\"Organization\",\"@id\":\"https:\\\/\\\/mannafm.hu\\\/en\\\/#organization\",\"name\":\"Manna FM\",\"url\":\"https:\\\/\\\/mannafm.hu\\\/en\\\/\",\"logo\":{\"@type\":\"ImageObject\",\"inLanguage\":\"en-US\",\"@id\":\"https:\\\/\\\/mannafm.hu\\\/en\\\/#\\\/schema\\\/logo\\\/image\\\/\",\"url\":\"https:\\\/\\\/mannafm.hu\\\/wp-content\\\/uploads\\\/2021\\\/09\\\/ujmanna-logo-hatteres-600.jpg\",\"contentUrl\":\"https:\\\/\\\/mannafm.hu\\\/wp-content\\\/uploads\\\/2021\\\/09\\\/ujmanna-logo-hatteres-600.jpg\",\"width\":600,\"height\":337,\"caption\":\"Manna FM\"},\"image\":{\"@id\":\"https:\\\/\\\/mannafm.hu\\\/en\\\/#\\\/schema\\\/logo\\\/image\\\/\"},\"sameAs\":[\"https:\\\/\\\/www.facebook.com\\\/mannafmofficial\",\"https:\\\/\\\/www.instagram.com\\\/manna_fm\\\/\"]}]}<\/script>\n<!-- \/ Yoast SEO plugin. -->","yoast_head_json":{"title":"Hosts - Manna FM 98.6 - Hallgasd \u0151ket online is","description":"M\u0171sorvezet\u0151k, akik vid\u00e1mak, profik, \u00e9s sz\u00f3rakoztat\u00f3ak. Ismerd meg r\u00e1di\u00f3s m\u0171sorvezet\u0151inket \u00e9s hallgasd \u0151ket a Manna FM-en!","robots":{"index":"index","follow":"follow","max-snippet":"max-snippet:-1","max-image-preview":"max-image-preview:large","max-video-preview":"max-video-preview:-1"},"canonical":"https:\/\/mannafm.hu\/en\/hosts\/","og_locale":"en_US","og_type":"article","og_title":"Hosts - Manna FM 98.6 - Hallgasd \u0151ket online is","og_description":"M\u0171sorvezet\u0151k, akik vid\u00e1mak, profik, \u00e9s sz\u00f3rakoztat\u00f3ak. Ismerd meg r\u00e1di\u00f3s m\u0171sorvezet\u0151inket \u00e9s hallgasd \u0151ket a Manna FM-en!","og_url":"https:\/\/mannafm.hu\/en\/hosts\/","og_site_name":"Manna FM","article_publisher":"https:\/\/www.facebook.com\/mannafmofficial","article_modified_time":"2019-04-18T17:21:32+00:00","og_image":[{"width":1200,"height":628,"url":"https:\/\/mannafm.hu\/wp-content\/uploads\/2019\/03\/Manna7.jpg","type":"image\/jpeg"}],"twitter_card":"summary_large_image","schema":{"@context":"https:\/\/schema.org","@graph":[{"@type":"WebPage","@id":"https:\/\/mannafm.hu\/en\/hosts\/","url":"https:\/\/mannafm.hu\/en\/hosts\/","name":"Hosts - Manna FM 98.6 - Hallgasd \u0151ket online is","isPartOf":{"@id":"https:\/\/mannafm.hu\/en\/#website"},"primaryImageOfPage":{"@id":"https:\/\/mannafm.hu\/en\/hosts\/#primaryimage"},"image":{"@id":"https:\/\/mannafm.hu\/en\/hosts\/#primaryimage"},"thumbnailUrl":"https:\/\/mannafm.hu\/wp-content\/uploads\/2019\/02\/Manna_fm_global_header_img_s.jpg","datePublished":"2015-05-02T14:34:35+00:00","dateModified":"2019-04-18T17:21:32+00:00","description":"M\u0171sorvezet\u0151k, akik vid\u00e1mak, profik, \u00e9s sz\u00f3rakoztat\u00f3ak. Ismerd meg r\u00e1di\u00f3s m\u0171sorvezet\u0151inket \u00e9s hallgasd \u0151ket a Manna FM-en!","breadcrumb":{"@id":"https:\/\/mannafm.hu\/en\/hosts\/#breadcrumb"},"inLanguage":"en-US","potentialAction":[{"@type":"ReadAction","target":["https:\/\/mannafm.hu\/en\/hosts\/"]}]},{"@type":"ImageObject","inLanguage":"en-US","@id":"https:\/\/mannafm.hu\/en\/hosts\/#primaryimage","url":"https:\/\/mannafm.hu\/wp-content\/uploads\/2019\/02\/Manna_fm_global_header_img_s.jpg","contentUrl":"https:\/\/mannafm.hu\/wp-content\/uploads\/2019\/02\/Manna_fm_global_header_img_s.jpg","width":2000,"height":700},{"@type":"BreadcrumbList","@id":"https:\/\/mannafm.hu\/en\/hosts\/#breadcrumb","itemListElement":[{"@type":"ListItem","position":1,"name":"HOME","item":"https:\/\/mannafm.hu\/en\/mannafm-we-tune-you-in-to-joy\/"},{"@type":"ListItem","position":2,"name":"Hosts"}]},{"@type":"WebSite","@id":"https:\/\/mannafm.hu\/en\/#website","url":"https:\/\/mannafm.hu\/en\/","name":"Manna FM","description":"Manna FM - We tune you in to joy!","publisher":{"@id":"https:\/\/mannafm.hu\/en\/#organization"},"potentialAction":[{"@type":"SearchAction","target":{"@type":"EntryPoint","urlTemplate":"https:\/\/mannafm.hu\/en\/?s={search_term_string}"},"query-input":{"@type":"PropertyValueSpecification","valueRequired":true,"valueName":"search_term_string"}}],"inLanguage":"en-US"},{"@type":"Organization","@id":"https:\/\/mannafm.hu\/en\/#organization","name":"Manna FM","url":"https:\/\/mannafm.hu\/en\/","logo":{"@type":"ImageObject","inLanguage":"en-US","@id":"https:\/\/mannafm.hu\/en\/#\/schema\/logo\/image\/","url":"https:\/\/mannafm.hu\/wp-content\/uploads\/2021\/09\/ujmanna-logo-hatteres-600.jpg","contentUrl":"https:\/\/mannafm.hu\/wp-content\/uploads\/2021\/09\/ujmanna-logo-hatteres-600.jpg","width":600,"height":337,"caption":"Manna FM"},"image":{"@id":"https:\/\/mannafm.hu\/en\/#\/schema\/logo\/image\/"},"sameAs":["https:\/\/www.facebook.com\/mannafmofficial","https:\/\/www.instagram.com\/manna_fm\/"]}]}},"_links":{"self":[{"href":"https:\/\/mannafm.hu\/en\/wp-json\/wp\/v2\/pages\/5353","targetHints":{"allow":["GET"]}}],"collection":[{"href":"https:\/\/mannafm.hu\/en\/wp-json\/wp\/v2\/pages"}],"about":[{"href":"https:\/\/mannafm.hu\/en\/wp-json\/wp\/v2\/types\/page"}],"author":[{"embeddable":true,"href":"https:\/\/mannafm.hu\/en\/wp-json\/wp\/v2\/users\/5"}],"replies":[{"embeddable":true,"href":"https:\/\/mannafm.hu\/en\/wp-json\/wp\/v2\/comments?post=5353"}],"version-history":[{"count":0,"href":"https:\/\/mannafm.hu\/en\/wp-json\/wp\/v2\/pages\/5353\/revisions"}],"wp:featuredmedia":[{"embeddable":true,"href":"https:\/\/mannafm.hu\/en\/wp-json\/wp\/v2\/media\/5487"}],"wp:attachment":[{"href":"https:\/\/mannafm.hu\/en\/wp-json\/wp\/v2\/media?parent=5353"}],"curies":[{"name":"wp","href":"https:\/\/api.w.org\/{rel}","templated":true}]}}