{"id":5351,"date":"2019-01-29T03:47:02","date_gmt":"2019-01-29T02:47:02","guid":{"rendered":"https:\/\/mannafm.hu\/contact\/"},"modified":"2019-04-18T20:50:21","modified_gmt":"2019-04-18T18:50:21","slug":"contact","status":"publish","type":"page","link":"https:\/\/mannafm.hu\/en\/contact\/","title":{"rendered":"Contact"},"content":{"rendered":"<div class=\"wpb-content-wrapper\"><p>[vc_row][vc_column]\t\t\t<h5 class=\"qt-caption-small qt-capfont \"><span>Send a message to us<\/span><\/h5>\n\t\t\t\t\t<hr class=\"qt-spacer-s\">\n\t\t[vc_column_text css=&#8221;.vc_custom_1550778409537{padding-right: 5px !important;padding-left: 5px !important;}&#8221;]<\/p>\n<p style=\"text-align: left;\">* The message can be sent only if all required fields are filled in and the Data Processing Policy is accepted.<\/p>\n<p>[\/vc_column_text]\t\t\t<hr class=\"qt-spacer-s\">\n\t\t[vc_row_inner][vc_column_inner width=&#8221;2\/3&#8243; offset=&#8221;vc_col-xs-offset-2 vc_col-xs-8&#8243;]\n<div class=\"wpcf7 no-js\" id=\"wpcf7-f5382-o1\" lang=\"en-US\" dir=\"ltr\" data-wpcf7-id=\"5382\">\n<div class=\"screen-reader-response\"><p role=\"status\" aria-live=\"polite\" aria-atomic=\"true\"><\/p> <ul><\/ul><\/div>\n<form action=\"\/en\/wp-json\/wp\/v2\/pages\/5351#wpcf7-f5382-o1\" method=\"post\" class=\"wpcf7-form init wpcf7-acceptance-as-validation\" aria-label=\"Contact form\" novalidate=\"novalidate\" data-status=\"init\">\n<fieldset class=\"hidden-fields-container\"><input type=\"hidden\" name=\"_wpcf7\" value=\"5382\" \/><input type=\"hidden\" name=\"_wpcf7_version\" value=\"6.1.5\" \/><input type=\"hidden\" name=\"_wpcf7_locale\" value=\"en_US\" \/><input type=\"hidden\" name=\"_wpcf7_unit_tag\" value=\"wpcf7-f5382-o1\" \/><input type=\"hidden\" name=\"_wpcf7_container_post\" value=\"0\" \/><input type=\"hidden\" name=\"_wpcf7_posted_data_hash\" value=\"\" \/><input type=\"hidden\" name=\"_wpcf7_recaptcha_response\" value=\"\" \/>\n<\/fieldset>\n<p><input size=\"40\" maxlength=\"400\" class=\"wpcf7-form-control wpcf7-text wpcf7-validates-as-required\" aria-required=\"true\" aria-invalid=\"false\" placeholder=\"Name*\" value=\"\" type=\"text\" name=\"your-name\">\n<p><input size=\"40\" maxlength=\"400\" class=\"wpcf7-form-control wpcf7-email wpcf7-validates-as-required wpcf7-text wpcf7-validates-as-email\" aria-required=\"true\" aria-invalid=\"false\" placeholder=\"E-mail address*\" value=\"\" type=\"email\" name=\"your-email\">\n<\/p><p><textarea cols=\"40\" rows=\"10\" maxlength=\"2000\" class=\"wpcf7-form-control wpcf7-textarea wpcf7-validates-as-required\" aria-required=\"true\" aria-invalid=\"false\" placeholder=\"Message*\" name=\"your-message\"><\/textarea>\n<\/p><p><span class=\"wpcf7-form-control wpcf7-acceptance\"><span class=\"wpcf7-list-item\"><input type=\"checkbox\" name=\"acceptance-566\" value=\"1\" aria-invalid=\"false\"><\/span><\/span>I accept the <a href=\"https:\/\/mannafm.hu\/adatkezeles\/\">Data Processing Policy<\/a>*\n<\/p><p><input class=\"wpcf7-form-control wpcf7-submit has-spinner\" type=\"submit\" value=\"Send\">\n<\/p>\n<div class=\"wpcf7-response-output\" aria-hidden=\"true\"><\/div>\n<\/form>\n<\/div>\n[\/vc_column_inner][\/vc_row_inner]\t\t\t<hr class=\"qt-spacer-l\">\n\t\t[\/vc_column][\/vc_row][vc_row][vc_column]\t\t\t<h5 class=\"qt-caption-small qt-capfont \"><span>You can contact us here as well.<\/span><\/h5>\n\t\t\t\t\t<hr class=\"qt-spacer-m\">\n\t\t[vc_row_inner][vc_column_inner width=&#8221;1\/4&#8243;][vc_icon type=&#8221;entypo&#8221; icon_entypo=&#8221;entypo-icon entypo-icon-mail&#8221; color=&#8221;custom&#8221; size=&#8221;lg&#8221; align=&#8221;center&#8221; link=&#8221;url:mailto%3Ainfo%40mannafm.hu|||&#8221; custom_color=&#8221;#78caee&#8221; css=&#8221;.vc_custom_1548860232776{margin-bottom: 0px !important;}&#8221;][vc_column_text]<\/p>\n<h4 style=\"text-align: center;\"><a style=\"text-decoration: none;\" href=\"mailto:info@mannafm.hu\">info@mannafm.hu<\/a><\/h4>\n<p>[\/vc_column_text]\t\t\t<hr class=\"qt-spacer-s\">\n\t\t[\/vc_column_inner][vc_column_inner width=&#8221;1\/4&#8243;][vc_icon type=&#8221;entypo&#8221; icon_entypo=&#8221;entypo-icon entypo-icon-phone&#8221; color=&#8221;custom&#8221; size=&#8221;lg&#8221; align=&#8221;center&#8221; custom_color=&#8221;#78caee&#8221; css=&#8221;.vc_custom_1549337455706{margin-bottom: 0px !important;}&#8221; link=&#8221;url:callto%3A%2B3619111986|||&#8221;][vc_column_text]<\/p>\n<h4 style=\"text-align: center; padding-bottom: 0; margin-bottom: 0;\"><a style=\"text-decoration: none; padding-bottom: 0; margin-bottom: 0;\" href=\"callto:+3619111986\">+36 1\/9 111 986<\/a><\/h4>\n<p style=\"text-align: center; padding-top: 0; margin-top: 0;\">(call-in shows)<\/p>\n<p>[\/vc_column_text]\t\t\t<hr class=\"qt-spacer-s\">\n\t\t[\/vc_column_inner][vc_column_inner width=&#8221;1\/4&#8243;][vc_icon type=&#8221;entypo&#8221; icon_entypo=&#8221;entypo-icon entypo-icon-facebook-squared&#8221; color=&#8221;custom&#8221; size=&#8221;lg&#8221; align=&#8221;center&#8221; link=&#8221;url:https%3A%2F%2Fwww.facebook.com%2Fmannafmofficial%2F||target:%20_blank|&#8221; custom_color=&#8221;#78caee&#8221; css=&#8221;.vc_custom_1549281902945{margin-bottom: 0px !important;}&#8221;][vc_column_text]<\/p>\n<h4 style=\"text-align: center;\"><a style=\"text-decoration: none;\" href=\"https:\/\/www.facebook.com\/mannafmofficial\/\" target=\"_blank\" rel=\"noopener\">Facebook<\/a><\/h4>\n<p>[\/vc_column_text]\t\t\t<hr class=\"qt-spacer-s\">\n\t\t[\/vc_column_inner][vc_column_inner width=&#8221;1\/4&#8243;][vc_icon type=&#8221;entypo&#8221; icon_entypo=&#8221;entypo-icon entypo-icon-instagrem&#8221; color=&#8221;custom&#8221; size=&#8221;lg&#8221; align=&#8221;center&#8221; link=&#8221;url:https%3A%2F%2Fwww.instagram.com%2Fmanna_fm%2F||target:%20_blank|&#8221; custom_color=&#8221;#78caee&#8221; css=&#8221;.vc_custom_1549281934183{margin-bottom: 0px !important;}&#8221;][vc_column_text]<\/p>\n<h4 style=\"text-align: center;\"><a style=\"text-decoration: none;\" href=\"https:\/\/www.instagram.com\/manna_fm\/\" target=\"_blank\" rel=\"noopener\">Instagram<\/a><\/h4>\n<p>[\/vc_column_text][\/vc_column_inner][\/vc_row_inner]\t\t\t<hr class=\"qt-spacer-l\">\n\t\t[\/vc_column][\/vc_row][vc_row][vc_column]\t\t\t<h5 class=\"qt-caption-small qt-capfont \"><span>You can find us here.<\/span><\/h5>\n\t\t\t\t\t<hr class=\"qt-spacer-m\">\n\t\t[vc_column_text]<\/p>\n<h4 style=\"text-align: left;\">Manna Vision Media M\u0171sorszolg\u00e1ltat\u00f3 Kft.<\/h4>\n<p>[\/vc_column_text]\t\t\t<hr class=\"qt-spacer-m\">\n\t\t[vc_raw_html]PGlmcmFtZSBzcmM9Imh0dHBzOi8vd3d3Lmdvb2dsZS5jb20vbWFwcy9lbWJlZD9wYj0hMW0xOCExbTEyITFtMyExZDI2OTQuMzg2NTk3NDYxNjM2NSEyZDE5LjEwNTM4ODQxNTYyNzU0NCEzZDQ3LjUyMTMzNTk3OTE3OTA5ITJtMyExZjAhMmYwITNmMCEzbTIhMWkxMDI0ITJpNzY4ITRmMTMuMSEzbTMhMW0yITFzMHg0NzQxZGI3MGY1NzQyMWQzJTNBMHg4MzRmZTRhMTcxNmI4MmQ4ITJzQnVkYXBlc3QlMkMrR2VydmF5K3UuKzQlMkMrMTE0NytNYWd5YXJvcnN6JUMzJUExZyE1ZTAhM20yITFzaHUhMnN0aCE0djE1NDg3MzE4MTg1MTAiIHdpZHRoPSI2MDAiIGhlaWdodD0iNDUwIiBmcmFtZWJvcmRlcj0iMCIgc3R5bGU9ImJvcmRlcjowIiBhbGxvd2Z1bGxzY3JlZW49IiI+PC9pZnJhbWU+[\/vc_raw_html]\t\t\t<hr class=\"qt-spacer-l\">\n\t\t[\/vc_column][\/vc_row]<\/p>\n<\/div>","protected":false},"excerpt":{"rendered":"<p>[vc_row][vc_column][vc_column_text css=&#8221;.vc_custom_1550778409537{padding-right: 5px !important;padding-left: 5px !important;}&#8221;] * The message can be sent only if all required fields are filled in and the Data Processing Policy is accepted. [\/vc_column_text][vc_row_inner][vc_column_inner width=&#8221;2\/3&#8243; offset=&#8221;vc_col-xs-offset-2 vc_col-xs-8&#8243;][\/vc_column_inner][\/vc_row_inner][\/vc_column][\/vc_row][vc_row][vc_column][vc_row_inner][vc_column_inner width=&#8221;1\/4&#8243;][vc_icon type=&#8221;entypo&#8221; icon_entypo=&#8221;entypo-icon entypo-icon-mail&#8221; color=&#8221;custom&#8221; size=&#8221;lg&#8221; align=&#8221;center&#8221; link=&#8221;url:mailto%3Ainfo%40mannafm.hu|||&#8221; custom_color=&#8221;#78caee&#8221; css=&#8221;.vc_custom_1548860232776{margin-bottom: 0px !important;}&#8221;][vc_column_text] info@mannafm.hu [\/vc_column_text][\/vc_column_inner][vc_column_inner width=&#8221;1\/4&#8243;][vc_icon type=&#8221;entypo&#8221; icon_entypo=&#8221;entypo-icon entypo-icon-phone&#8221; color=&#8221;custom&#8221; size=&#8221;lg&#8221; align=&#8221;center&#8221; custom_color=&#8221;#78caee&#8221; css=&#8221;.vc_custom_1549337455706{margin-bottom: 0px [&hellip;]<\/p>\n","protected":false},"author":5,"featured_media":5486,"parent":0,"menu_order":0,"comment_status":"closed","ping_status":"closed","template":"page-nosidebar.php","meta":{"footnotes":""},"class_list":["post-5351","page","type-page","status-publish","has-post-thumbnail","hentry"],"yoast_head":"<!-- This site is optimized with the Yoast SEO plugin v27.4 - https:\/\/yoast.com\/product\/yoast-seo-wordpress\/ -->\n<title>Contact | Manna FM 98.6 - We tune you in to joy!<\/title>\n<meta name=\"description\" content=\"A Manna FM 98.6 \u00faj sz\u00edn a hazai r\u00e1di\u00f3z\u00e1sban. Inspir\u00e1l\u00f3, friss, pozit\u00edv! Ha k\u00e9rd\u00e9sed van, keress minket bizalommal!\" \/>\n<meta name=\"robots\" content=\"index, follow, max-snippet:-1, max-image-preview:large, max-video-preview:-1\" \/>\n<link rel=\"canonical\" href=\"https:\/\/mannafm.hu\/en\/contact\/\" \/>\n<meta property=\"og:locale\" content=\"en_US\" \/>\n<meta property=\"og:type\" content=\"article\" \/>\n<meta property=\"og:title\" content=\"Contact | Manna FM 98.6 - We tune you in to joy!\" \/>\n<meta property=\"og:description\" content=\"A Manna FM 98.6 \u00faj sz\u00edn a hazai r\u00e1di\u00f3z\u00e1sban. Inspir\u00e1l\u00f3, friss, pozit\u00edv! Ha k\u00e9rd\u00e9sed van, keress minket bizalommal!\" \/>\n<meta property=\"og:url\" content=\"https:\/\/mannafm.hu\/en\/contact\/\" \/>\n<meta property=\"og:site_name\" content=\"Manna FM\" \/>\n<meta property=\"article:publisher\" content=\"https:\/\/www.facebook.com\/mannafmofficial\" \/>\n<meta property=\"article:modified_time\" content=\"2019-04-18T18:50:21+00:00\" \/>\n<meta property=\"og:image\" content=\"https:\/\/mannafm.hu\/wp-content\/uploads\/2019\/03\/Manna4.jpg\" \/>\n\t<meta property=\"og:image:width\" content=\"1200\" \/>\n\t<meta property=\"og:image:height\" content=\"628\" \/>\n\t<meta property=\"og:image:type\" content=\"image\/jpeg\" \/>\n<meta name=\"twitter:card\" content=\"summary_large_image\" \/>\n<meta name=\"twitter:label1\" content=\"Est. reading time\" \/>\n\t<meta name=\"twitter:data1\" content=\"2 minutes\" \/>\n<script type=\"application\/ld+json\" class=\"yoast-schema-graph\">{\"@context\":\"https:\\\/\\\/schema.org\",\"@graph\":[{\"@type\":\"WebPage\",\"@id\":\"https:\\\/\\\/mannafm.hu\\\/en\\\/contact\\\/\",\"url\":\"https:\\\/\\\/mannafm.hu\\\/en\\\/contact\\\/\",\"name\":\"Contact | Manna FM 98.6 - We tune you in to joy!\",\"isPartOf\":{\"@id\":\"https:\\\/\\\/mannafm.hu\\\/en\\\/#website\"},\"primaryImageOfPage\":{\"@id\":\"https:\\\/\\\/mannafm.hu\\\/en\\\/contact\\\/#primaryimage\"},\"image\":{\"@id\":\"https:\\\/\\\/mannafm.hu\\\/en\\\/contact\\\/#primaryimage\"},\"thumbnailUrl\":\"https:\\\/\\\/mannafm.hu\\\/wp-content\\\/uploads\\\/2019\\\/02\\\/Manna_fm_kapcsolat_s2.jpg\",\"datePublished\":\"2019-01-29T02:47:02+00:00\",\"dateModified\":\"2019-04-18T18:50:21+00:00\",\"description\":\"A Manna FM 98.6 \u00faj sz\u00edn a hazai r\u00e1di\u00f3z\u00e1sban. Inspir\u00e1l\u00f3, friss, pozit\u00edv! Ha k\u00e9rd\u00e9sed van, keress minket bizalommal!\",\"breadcrumb\":{\"@id\":\"https:\\\/\\\/mannafm.hu\\\/en\\\/contact\\\/#breadcrumb\"},\"inLanguage\":\"en-US\",\"potentialAction\":[{\"@type\":\"ReadAction\",\"target\":[\"https:\\\/\\\/mannafm.hu\\\/en\\\/contact\\\/\"]}]},{\"@type\":\"ImageObject\",\"inLanguage\":\"en-US\",\"@id\":\"https:\\\/\\\/mannafm.hu\\\/en\\\/contact\\\/#primaryimage\",\"url\":\"https:\\\/\\\/mannafm.hu\\\/wp-content\\\/uploads\\\/2019\\\/02\\\/Manna_fm_kapcsolat_s2.jpg\",\"contentUrl\":\"https:\\\/\\\/mannafm.hu\\\/wp-content\\\/uploads\\\/2019\\\/02\\\/Manna_fm_kapcsolat_s2.jpg\",\"width\":2000,\"height\":400},{\"@type\":\"BreadcrumbList\",\"@id\":\"https:\\\/\\\/mannafm.hu\\\/en\\\/contact\\\/#breadcrumb\",\"itemListElement\":[{\"@type\":\"ListItem\",\"position\":1,\"name\":\"HOME\",\"item\":\"https:\\\/\\\/mannafm.hu\\\/en\\\/mannafm-we-tune-you-in-to-joy\\\/\"},{\"@type\":\"ListItem\",\"position\":2,\"name\":\"Contact\"}]},{\"@type\":\"WebSite\",\"@id\":\"https:\\\/\\\/mannafm.hu\\\/en\\\/#website\",\"url\":\"https:\\\/\\\/mannafm.hu\\\/en\\\/\",\"name\":\"Manna FM\",\"description\":\"Manna FM - We tune you in to joy!\",\"publisher\":{\"@id\":\"https:\\\/\\\/mannafm.hu\\\/en\\\/#organization\"},\"potentialAction\":[{\"@type\":\"SearchAction\",\"target\":{\"@type\":\"EntryPoint\",\"urlTemplate\":\"https:\\\/\\\/mannafm.hu\\\/en\\\/?s={search_term_string}\"},\"query-input\":{\"@type\":\"PropertyValueSpecification\",\"valueRequired\":true,\"valueName\":\"search_term_string\"}}],\"inLanguage\":\"en-US\"},{\"@type\":\"Organization\",\"@id\":\"https:\\\/\\\/mannafm.hu\\\/en\\\/#organization\",\"name\":\"Manna FM\",\"url\":\"https:\\\/\\\/mannafm.hu\\\/en\\\/\",\"logo\":{\"@type\":\"ImageObject\",\"inLanguage\":\"en-US\",\"@id\":\"https:\\\/\\\/mannafm.hu\\\/en\\\/#\\\/schema\\\/logo\\\/image\\\/\",\"url\":\"https:\\\/\\\/mannafm.hu\\\/wp-content\\\/uploads\\\/2021\\\/09\\\/ujmanna-logo-hatteres-600.jpg\",\"contentUrl\":\"https:\\\/\\\/mannafm.hu\\\/wp-content\\\/uploads\\\/2021\\\/09\\\/ujmanna-logo-hatteres-600.jpg\",\"width\":600,\"height\":337,\"caption\":\"Manna FM\"},\"image\":{\"@id\":\"https:\\\/\\\/mannafm.hu\\\/en\\\/#\\\/schema\\\/logo\\\/image\\\/\"},\"sameAs\":[\"https:\\\/\\\/www.facebook.com\\\/mannafmofficial\",\"https:\\\/\\\/www.instagram.com\\\/manna_fm\\\/\"]}]}<\/script>\n<!-- \/ Yoast SEO plugin. -->","yoast_head_json":{"title":"Contact | Manna FM 98.6 - We tune you in to joy!","description":"A Manna FM 98.6 \u00faj sz\u00edn a hazai r\u00e1di\u00f3z\u00e1sban. Inspir\u00e1l\u00f3, friss, pozit\u00edv! Ha k\u00e9rd\u00e9sed van, keress minket bizalommal!","robots":{"index":"index","follow":"follow","max-snippet":"max-snippet:-1","max-image-preview":"max-image-preview:large","max-video-preview":"max-video-preview:-1"},"canonical":"https:\/\/mannafm.hu\/en\/contact\/","og_locale":"en_US","og_type":"article","og_title":"Contact | Manna FM 98.6 - We tune you in to joy!","og_description":"A Manna FM 98.6 \u00faj sz\u00edn a hazai r\u00e1di\u00f3z\u00e1sban. Inspir\u00e1l\u00f3, friss, pozit\u00edv! Ha k\u00e9rd\u00e9sed van, keress minket bizalommal!","og_url":"https:\/\/mannafm.hu\/en\/contact\/","og_site_name":"Manna FM","article_publisher":"https:\/\/www.facebook.com\/mannafmofficial","article_modified_time":"2019-04-18T18:50:21+00:00","og_image":[{"width":1200,"height":628,"url":"https:\/\/mannafm.hu\/wp-content\/uploads\/2019\/03\/Manna4.jpg","type":"image\/jpeg"}],"twitter_card":"summary_large_image","twitter_misc":{"Est. reading time":"2 minutes"},"schema":{"@context":"https:\/\/schema.org","@graph":[{"@type":"WebPage","@id":"https:\/\/mannafm.hu\/en\/contact\/","url":"https:\/\/mannafm.hu\/en\/contact\/","name":"Contact | Manna FM 98.6 - We tune you in to joy!","isPartOf":{"@id":"https:\/\/mannafm.hu\/en\/#website"},"primaryImageOfPage":{"@id":"https:\/\/mannafm.hu\/en\/contact\/#primaryimage"},"image":{"@id":"https:\/\/mannafm.hu\/en\/contact\/#primaryimage"},"thumbnailUrl":"https:\/\/mannafm.hu\/wp-content\/uploads\/2019\/02\/Manna_fm_kapcsolat_s2.jpg","datePublished":"2019-01-29T02:47:02+00:00","dateModified":"2019-04-18T18:50:21+00:00","description":"A Manna FM 98.6 \u00faj sz\u00edn a hazai r\u00e1di\u00f3z\u00e1sban. Inspir\u00e1l\u00f3, friss, pozit\u00edv! Ha k\u00e9rd\u00e9sed van, keress minket bizalommal!","breadcrumb":{"@id":"https:\/\/mannafm.hu\/en\/contact\/#breadcrumb"},"inLanguage":"en-US","potentialAction":[{"@type":"ReadAction","target":["https:\/\/mannafm.hu\/en\/contact\/"]}]},{"@type":"ImageObject","inLanguage":"en-US","@id":"https:\/\/mannafm.hu\/en\/contact\/#primaryimage","url":"https:\/\/mannafm.hu\/wp-content\/uploads\/2019\/02\/Manna_fm_kapcsolat_s2.jpg","contentUrl":"https:\/\/mannafm.hu\/wp-content\/uploads\/2019\/02\/Manna_fm_kapcsolat_s2.jpg","width":2000,"height":400},{"@type":"BreadcrumbList","@id":"https:\/\/mannafm.hu\/en\/contact\/#breadcrumb","itemListElement":[{"@type":"ListItem","position":1,"name":"HOME","item":"https:\/\/mannafm.hu\/en\/mannafm-we-tune-you-in-to-joy\/"},{"@type":"ListItem","position":2,"name":"Contact"}]},{"@type":"WebSite","@id":"https:\/\/mannafm.hu\/en\/#website","url":"https:\/\/mannafm.hu\/en\/","name":"Manna FM","description":"Manna FM - We tune you in to joy!","publisher":{"@id":"https:\/\/mannafm.hu\/en\/#organization"},"potentialAction":[{"@type":"SearchAction","target":{"@type":"EntryPoint","urlTemplate":"https:\/\/mannafm.hu\/en\/?s={search_term_string}"},"query-input":{"@type":"PropertyValueSpecification","valueRequired":true,"valueName":"search_term_string"}}],"inLanguage":"en-US"},{"@type":"Organization","@id":"https:\/\/mannafm.hu\/en\/#organization","name":"Manna FM","url":"https:\/\/mannafm.hu\/en\/","logo":{"@type":"ImageObject","inLanguage":"en-US","@id":"https:\/\/mannafm.hu\/en\/#\/schema\/logo\/image\/","url":"https:\/\/mannafm.hu\/wp-content\/uploads\/2021\/09\/ujmanna-logo-hatteres-600.jpg","contentUrl":"https:\/\/mannafm.hu\/wp-content\/uploads\/2021\/09\/ujmanna-logo-hatteres-600.jpg","width":600,"height":337,"caption":"Manna FM"},"image":{"@id":"https:\/\/mannafm.hu\/en\/#\/schema\/logo\/image\/"},"sameAs":["https:\/\/www.facebook.com\/mannafmofficial","https:\/\/www.instagram.com\/manna_fm\/"]}]}},"_links":{"self":[{"href":"https:\/\/mannafm.hu\/en\/wp-json\/wp\/v2\/pages\/5351","targetHints":{"allow":["GET"]}}],"collection":[{"href":"https:\/\/mannafm.hu\/en\/wp-json\/wp\/v2\/pages"}],"about":[{"href":"https:\/\/mannafm.hu\/en\/wp-json\/wp\/v2\/types\/page"}],"author":[{"embeddable":true,"href":"https:\/\/mannafm.hu\/en\/wp-json\/wp\/v2\/users\/5"}],"replies":[{"embeddable":true,"href":"https:\/\/mannafm.hu\/en\/wp-json\/wp\/v2\/comments?post=5351"}],"version-history":[{"count":0,"href":"https:\/\/mannafm.hu\/en\/wp-json\/wp\/v2\/pages\/5351\/revisions"}],"wp:featuredmedia":[{"embeddable":true,"href":"https:\/\/mannafm.hu\/en\/wp-json\/wp\/v2\/media\/5486"}],"wp:attachment":[{"href":"https:\/\/mannafm.hu\/en\/wp-json\/wp\/v2\/media?parent=5351"}],"curies":[{"name":"wp","href":"https:\/\/api.w.org\/{rel}","templated":true}]}}