{"id":5349,"date":"2019-01-25T07:43:33","date_gmt":"2019-01-25T05:43:33","guid":{"rendered":"https:\/\/mannafm.hu\/impressum\/"},"modified":"2019-08-27T11:21:17","modified_gmt":"2019-08-27T09:21:17","slug":"impressum","status":"publish","type":"page","link":"https:\/\/mannafm.hu\/en\/impressum\/","title":{"rendered":"Impressum"},"content":{"rendered":"<div class=\"wpb-content-wrapper\"><p>[vc_row][vc_column][vc_column_text]<\/p>\n<h3>Owner of the website<\/h3>\n<p>Address of the website: https:\/\/mannafm.hu<\/p>\n<p>Company name: Manna Vision Media M\u0171sorszolg\u00e1ltat\u00f3 Kft.<br \/>\nTax number: 26104915-2-41<br \/>\nRegistration number: 01 09 302129<br \/>\nSeat: 1147 Budapest, Gervay utca 4.<br \/>\nPostal address: 1147 Budapest, Gervay utca 4.<br \/>\nE-mail: info@mannafm.hu[\/vc_column_text]\t\t\t<hr class=\"qt-spacer-l\">\n\t\t[vc_column_text]<\/p>\n<h3>Media service provider<\/h3>\n<p>Company name: Manna Vision Media M\u0171sorszolg\u00e1ltat\u00f3 Kft.<br \/>\nSeat: 1147 Budapest, Gervay utca 4.<br \/>\nPostal address: 1147 Budapest, Gervay utca 4.<br \/>\nE-mail: info@mannafm.hu[\/vc_column_text]\t\t\t<hr class=\"qt-spacer-l\">\n\t\t[vc_column_text]<\/p>\n<h3>Hosting service provider<\/h3>\n<p>Company name: Rackforest Kft.<br \/>\nSeat: 1132 Budapest, Victor Hugo utca 18-22. 3. 3. emelet 3008.<br \/>\nE-mail: info@rackforest.hu[\/vc_column_text]\t\t\t<hr class=\"qt-spacer-l\">\n\t\t[vc_column_text]<\/p>\n<h3>Supervisory body<\/h3>\n<p>Company name: Nemzeti M\u00e9dia- \u00e9s H\u00edrk\u00f6zl\u00e9si Hat\u00f3s\u00e1g<br \/>\nAddress: 1015 Budapest, Ostrom u. 23-25. 23-25.<br \/>\nPhone: +36 1 457 7100[\/vc_column_text]\t\t\t<hr class=\"qt-spacer-l\">\n\t\t[\/vc_column][\/vc_row]<\/p>\n<\/div>","protected":false},"excerpt":{"rendered":"<p>[vc_row][vc_column][vc_column_text] Owner of the website Address of the website: https:\/\/mannafm.hu Company name: Manna Vision Media M\u0171sorszolg\u00e1ltat\u00f3 Kft. Tax number: 26104915-2-41 Registration number: 01 09 302129 Seat: 1147 Budapest, Gervay utca 4. Postal address: 1147 Budapest, Gervay utca 4. E-mail: info@mannafm.hu[\/vc_column_text][vc_column_text] Media service provider Company name: Manna Vision Media M\u0171sorszolg\u00e1ltat\u00f3 Kft. Seat: 1147 Budapest, Gervay utca [&hellip;]<\/p>\n","protected":false},"author":5,"featured_media":5485,"parent":0,"menu_order":0,"comment_status":"closed","ping_status":"closed","template":"","meta":{"footnotes":""},"class_list":["post-5349","page","type-page","status-publish","has-post-thumbnail","hentry"],"yoast_head":"<!-- This site is optimized with the Yoast SEO plugin v27.4 - https:\/\/yoast.com\/product\/yoast-seo-wordpress\/ -->\n<title>Impressum - Manna FM<\/title>\n<meta name=\"robots\" content=\"index, follow, max-snippet:-1, max-image-preview:large, max-video-preview:-1\" \/>\n<link rel=\"canonical\" href=\"https:\/\/mannafm.hu\/en\/impressum\/\" \/>\n<meta property=\"og:locale\" content=\"en_US\" \/>\n<meta property=\"og:type\" content=\"article\" \/>\n<meta property=\"og:title\" content=\"Impressum - Manna FM\" \/>\n<meta property=\"og:description\" content=\"[vc_row][vc_column][vc_column_text] Owner of the website Address of the website: https:\/\/mannafm.hu Company name: Manna Vision Media M\u0171sorszolg\u00e1ltat\u00f3 Kft. Tax number: 26104915-2-41 Registration number: 01 09 302129 Seat: 1147 Budapest, Gervay utca 4. Postal address: 1147 Budapest, Gervay utca 4. E-mail: info@mannafm.hu[\/vc_column_text][vc_column_text] Media service provider Company name: Manna Vision Media M\u0171sorszolg\u00e1ltat\u00f3 Kft. Seat: 1147 Budapest, Gervay utca [&hellip;]\" \/>\n<meta property=\"og:url\" content=\"https:\/\/mannafm.hu\/en\/impressum\/\" \/>\n<meta property=\"og:site_name\" content=\"Manna FM\" \/>\n<meta property=\"article:publisher\" content=\"https:\/\/www.facebook.com\/mannafmofficial\" \/>\n<meta property=\"article:modified_time\" content=\"2019-08-27T09:21:17+00:00\" \/>\n<meta property=\"og:image\" content=\"https:\/\/mannafm.hu\/wp-content\/uploads\/2019\/02\/Manna_fm_tajekoztatok_s.jpg\" \/>\n\t<meta property=\"og:image:width\" content=\"2000\" \/>\n\t<meta property=\"og:image:height\" content=\"700\" \/>\n\t<meta property=\"og:image:type\" content=\"image\/jpeg\" \/>\n<meta name=\"twitter:card\" content=\"summary_large_image\" \/>\n<meta name=\"twitter:label1\" content=\"Est. reading time\" \/>\n\t<meta name=\"twitter:data1\" content=\"1 minute\" \/>\n<script type=\"application\/ld+json\" class=\"yoast-schema-graph\">{\"@context\":\"https:\\\/\\\/schema.org\",\"@graph\":[{\"@type\":\"WebPage\",\"@id\":\"https:\\\/\\\/mannafm.hu\\\/en\\\/impressum\\\/\",\"url\":\"https:\\\/\\\/mannafm.hu\\\/en\\\/impressum\\\/\",\"name\":\"Impressum - Manna FM\",\"isPartOf\":{\"@id\":\"https:\\\/\\\/mannafm.hu\\\/en\\\/#website\"},\"primaryImageOfPage\":{\"@id\":\"https:\\\/\\\/mannafm.hu\\\/en\\\/impressum\\\/#primaryimage\"},\"image\":{\"@id\":\"https:\\\/\\\/mannafm.hu\\\/en\\\/impressum\\\/#primaryimage\"},\"thumbnailUrl\":\"https:\\\/\\\/mannafm.hu\\\/wp-content\\\/uploads\\\/2019\\\/02\\\/Manna_fm_tajekoztatok_s.jpg\",\"datePublished\":\"2019-01-25T05:43:33+00:00\",\"dateModified\":\"2019-08-27T09:21:17+00:00\",\"breadcrumb\":{\"@id\":\"https:\\\/\\\/mannafm.hu\\\/en\\\/impressum\\\/#breadcrumb\"},\"inLanguage\":\"en-US\",\"potentialAction\":[{\"@type\":\"ReadAction\",\"target\":[\"https:\\\/\\\/mannafm.hu\\\/en\\\/impressum\\\/\"]}]},{\"@type\":\"ImageObject\",\"inLanguage\":\"en-US\",\"@id\":\"https:\\\/\\\/mannafm.hu\\\/en\\\/impressum\\\/#primaryimage\",\"url\":\"https:\\\/\\\/mannafm.hu\\\/wp-content\\\/uploads\\\/2019\\\/02\\\/Manna_fm_tajekoztatok_s.jpg\",\"contentUrl\":\"https:\\\/\\\/mannafm.hu\\\/wp-content\\\/uploads\\\/2019\\\/02\\\/Manna_fm_tajekoztatok_s.jpg\",\"width\":2000,\"height\":700},{\"@type\":\"BreadcrumbList\",\"@id\":\"https:\\\/\\\/mannafm.hu\\\/en\\\/impressum\\\/#breadcrumb\",\"itemListElement\":[{\"@type\":\"ListItem\",\"position\":1,\"name\":\"HOME\",\"item\":\"https:\\\/\\\/mannafm.hu\\\/en\\\/mannafm-we-tune-you-in-to-joy\\\/\"},{\"@type\":\"ListItem\",\"position\":2,\"name\":\"Impressum\"}]},{\"@type\":\"WebSite\",\"@id\":\"https:\\\/\\\/mannafm.hu\\\/en\\\/#website\",\"url\":\"https:\\\/\\\/mannafm.hu\\\/en\\\/\",\"name\":\"Manna FM\",\"description\":\"Manna FM - We tune you in to joy!\",\"publisher\":{\"@id\":\"https:\\\/\\\/mannafm.hu\\\/en\\\/#organization\"},\"potentialAction\":[{\"@type\":\"SearchAction\",\"target\":{\"@type\":\"EntryPoint\",\"urlTemplate\":\"https:\\\/\\\/mannafm.hu\\\/en\\\/?s={search_term_string}\"},\"query-input\":{\"@type\":\"PropertyValueSpecification\",\"valueRequired\":true,\"valueName\":\"search_term_string\"}}],\"inLanguage\":\"en-US\"},{\"@type\":\"Organization\",\"@id\":\"https:\\\/\\\/mannafm.hu\\\/en\\\/#organization\",\"name\":\"Manna FM\",\"url\":\"https:\\\/\\\/mannafm.hu\\\/en\\\/\",\"logo\":{\"@type\":\"ImageObject\",\"inLanguage\":\"en-US\",\"@id\":\"https:\\\/\\\/mannafm.hu\\\/en\\\/#\\\/schema\\\/logo\\\/image\\\/\",\"url\":\"https:\\\/\\\/mannafm.hu\\\/wp-content\\\/uploads\\\/2021\\\/09\\\/ujmanna-logo-hatteres-600.jpg\",\"contentUrl\":\"https:\\\/\\\/mannafm.hu\\\/wp-content\\\/uploads\\\/2021\\\/09\\\/ujmanna-logo-hatteres-600.jpg\",\"width\":600,\"height\":337,\"caption\":\"Manna FM\"},\"image\":{\"@id\":\"https:\\\/\\\/mannafm.hu\\\/en\\\/#\\\/schema\\\/logo\\\/image\\\/\"},\"sameAs\":[\"https:\\\/\\\/www.facebook.com\\\/mannafmofficial\",\"https:\\\/\\\/www.instagram.com\\\/manna_fm\\\/\"]}]}<\/script>\n<!-- \/ Yoast SEO plugin. -->","yoast_head_json":{"title":"Impressum - Manna FM","robots":{"index":"index","follow":"follow","max-snippet":"max-snippet:-1","max-image-preview":"max-image-preview:large","max-video-preview":"max-video-preview:-1"},"canonical":"https:\/\/mannafm.hu\/en\/impressum\/","og_locale":"en_US","og_type":"article","og_title":"Impressum - Manna FM","og_description":"[vc_row][vc_column][vc_column_text] Owner of the website Address of the website: https:\/\/mannafm.hu Company name: Manna Vision Media M\u0171sorszolg\u00e1ltat\u00f3 Kft. Tax number: 26104915-2-41 Registration number: 01 09 302129 Seat: 1147 Budapest, Gervay utca 4. Postal address: 1147 Budapest, Gervay utca 4. E-mail: info@mannafm.hu[\/vc_column_text][vc_column_text] Media service provider Company name: Manna Vision Media M\u0171sorszolg\u00e1ltat\u00f3 Kft. Seat: 1147 Budapest, Gervay utca [&hellip;]","og_url":"https:\/\/mannafm.hu\/en\/impressum\/","og_site_name":"Manna FM","article_publisher":"https:\/\/www.facebook.com\/mannafmofficial","article_modified_time":"2019-08-27T09:21:17+00:00","og_image":[{"width":2000,"height":700,"url":"https:\/\/mannafm.hu\/wp-content\/uploads\/2019\/02\/Manna_fm_tajekoztatok_s.jpg","type":"image\/jpeg"}],"twitter_card":"summary_large_image","twitter_misc":{"Est. reading time":"1 minute"},"schema":{"@context":"https:\/\/schema.org","@graph":[{"@type":"WebPage","@id":"https:\/\/mannafm.hu\/en\/impressum\/","url":"https:\/\/mannafm.hu\/en\/impressum\/","name":"Impressum - Manna FM","isPartOf":{"@id":"https:\/\/mannafm.hu\/en\/#website"},"primaryImageOfPage":{"@id":"https:\/\/mannafm.hu\/en\/impressum\/#primaryimage"},"image":{"@id":"https:\/\/mannafm.hu\/en\/impressum\/#primaryimage"},"thumbnailUrl":"https:\/\/mannafm.hu\/wp-content\/uploads\/2019\/02\/Manna_fm_tajekoztatok_s.jpg","datePublished":"2019-01-25T05:43:33+00:00","dateModified":"2019-08-27T09:21:17+00:00","breadcrumb":{"@id":"https:\/\/mannafm.hu\/en\/impressum\/#breadcrumb"},"inLanguage":"en-US","potentialAction":[{"@type":"ReadAction","target":["https:\/\/mannafm.hu\/en\/impressum\/"]}]},{"@type":"ImageObject","inLanguage":"en-US","@id":"https:\/\/mannafm.hu\/en\/impressum\/#primaryimage","url":"https:\/\/mannafm.hu\/wp-content\/uploads\/2019\/02\/Manna_fm_tajekoztatok_s.jpg","contentUrl":"https:\/\/mannafm.hu\/wp-content\/uploads\/2019\/02\/Manna_fm_tajekoztatok_s.jpg","width":2000,"height":700},{"@type":"BreadcrumbList","@id":"https:\/\/mannafm.hu\/en\/impressum\/#breadcrumb","itemListElement":[{"@type":"ListItem","position":1,"name":"HOME","item":"https:\/\/mannafm.hu\/en\/mannafm-we-tune-you-in-to-joy\/"},{"@type":"ListItem","position":2,"name":"Impressum"}]},{"@type":"WebSite","@id":"https:\/\/mannafm.hu\/en\/#website","url":"https:\/\/mannafm.hu\/en\/","name":"Manna FM","description":"Manna FM - We tune you in to joy!","publisher":{"@id":"https:\/\/mannafm.hu\/en\/#organization"},"potentialAction":[{"@type":"SearchAction","target":{"@type":"EntryPoint","urlTemplate":"https:\/\/mannafm.hu\/en\/?s={search_term_string}"},"query-input":{"@type":"PropertyValueSpecification","valueRequired":true,"valueName":"search_term_string"}}],"inLanguage":"en-US"},{"@type":"Organization","@id":"https:\/\/mannafm.hu\/en\/#organization","name":"Manna FM","url":"https:\/\/mannafm.hu\/en\/","logo":{"@type":"ImageObject","inLanguage":"en-US","@id":"https:\/\/mannafm.hu\/en\/#\/schema\/logo\/image\/","url":"https:\/\/mannafm.hu\/wp-content\/uploads\/2021\/09\/ujmanna-logo-hatteres-600.jpg","contentUrl":"https:\/\/mannafm.hu\/wp-content\/uploads\/2021\/09\/ujmanna-logo-hatteres-600.jpg","width":600,"height":337,"caption":"Manna FM"},"image":{"@id":"https:\/\/mannafm.hu\/en\/#\/schema\/logo\/image\/"},"sameAs":["https:\/\/www.facebook.com\/mannafmofficial","https:\/\/www.instagram.com\/manna_fm\/"]}]}},"_links":{"self":[{"href":"https:\/\/mannafm.hu\/en\/wp-json\/wp\/v2\/pages\/5349","targetHints":{"allow":["GET"]}}],"collection":[{"href":"https:\/\/mannafm.hu\/en\/wp-json\/wp\/v2\/pages"}],"about":[{"href":"https:\/\/mannafm.hu\/en\/wp-json\/wp\/v2\/types\/page"}],"author":[{"embeddable":true,"href":"https:\/\/mannafm.hu\/en\/wp-json\/wp\/v2\/users\/5"}],"replies":[{"embeddable":true,"href":"https:\/\/mannafm.hu\/en\/wp-json\/wp\/v2\/comments?post=5349"}],"version-history":[{"count":0,"href":"https:\/\/mannafm.hu\/en\/wp-json\/wp\/v2\/pages\/5349\/revisions"}],"wp:featuredmedia":[{"embeddable":true,"href":"https:\/\/mannafm.hu\/en\/wp-json\/wp\/v2\/media\/5485"}],"wp:attachment":[{"href":"https:\/\/mannafm.hu\/en\/wp-json\/wp\/v2\/media?parent=5349"}],"curies":[{"name":"wp","href":"https:\/\/api.w.org\/{rel}","templated":true}]}}