{"id":5342,"date":"2019-03-06T14:58:09","date_gmt":"2019-03-06T12:58:09","guid":{"rendered":"https:\/\/mannafm.hu\/videos\/"},"modified":"2019-04-18T20:52:04","modified_gmt":"2019-04-18T18:52:04","slug":"videos","status":"publish","type":"page","link":"https:\/\/mannafm.hu\/en\/videos\/","title":{"rendered":"Videos"},"content":{"rendered":"<div class=\"epyt-gallery\" data-currpage=\"1\" id=\"epyt_gallery_85885\"><iframe loading=\"lazy\"  id=\"_ytid_47758\"  width=\"1170\" height=\"658\"  data-origwidth=\"1170\" data-origheight=\"658\" src=\"https:\/\/www.youtube.com\/embed\/oNmegp5vd8M?enablejsapi=1&autoplay=0&cc_load_policy=0&cc_lang_pref=&iv_load_policy=1&loop=0&rel=1&fs=1&playsinline=0&autohide=2&theme=dark&color=red&controls=1&disablekb=0&\" class=\"__youtube_prefs__  no-lazyload\" title=\"YouTube player\"  data-epytgalleryid=\"epyt_gallery_85885\"  allow=\"fullscreen; accelerometer; autoplay; clipboard-write; encrypted-media; gyroscope; picture-in-picture; web-share\" referrerpolicy=\"strict-origin-when-cross-origin\" allowfullscreen data-no-lazy=\"1\" data-skipgform_ajax_framebjll=\"\"><\/iframe><div class=\"epyt-gallery-subscribe\"><a target=\"_blank\" class=\"epyt-gallery-subbutton\" href=\"https:\/\/www.youtube.com\/channel\/UCF7roRFYMHmVhuIB81IDkZA?sub_confirmation=1\"><img decoding=\"async\" alt=\"subscribe\" src=\"https:\/\/mannafm.hu\/wp-content\/plugins\/youtube-embed-plus\/images\/play-subscribe.png\" \/>Iratkozzon fel csatorn\u00e1nkra!<\/a><\/div><div class=\"epyt-gallery-list\"><div class=\"epyt-pagination \"><div tabindex=\"0\" role=\"button\" class=\"epyt-pagebutton epyt-prev  hide \" data-playlistid=\"UUF7roRFYMHmVhuIB81IDkZA\" data-pagesize=\"15\" data-pagetoken=\"\" data-epcolumns=\"2\" data-showtitle=\"1\" data-showpaging=\"1\" data-autonext=\"0\" data-thumbplay=\"1\"><div class=\"epyt-arrow\">&laquo;<\/div> <div>Prev<\/div><\/div><div class=\"epyt-pagenumbers \"><div class=\"epyt-current\">1<\/div><div class=\"epyt-pageseparator\"> \/ <\/div><div class=\"epyt-totalpages\">25<\/div><\/div><div tabindex=\"0\" role=\"button\" class=\"epyt-pagebutton epyt-next\" data-playlistid=\"UUF7roRFYMHmVhuIB81IDkZA\" data-pagesize=\"15\" data-pagetoken=\"EAAaHlBUOkNBOGlFRFEyTjBSR1FqYzJNVVF3T0RGQlF6SQ\" data-epcolumns=\"2\" data-showtitle=\"1\" data-showpaging=\"1\" data-autonext=\"0\" data-thumbplay=\"1\"><div>Next<\/div> <div class=\"epyt-arrow\">&raquo;<\/div><\/div><div class=\"epyt-loader\"><img loading=\"lazy\" decoding=\"async\" alt=\"loading\" width=\"16\" height=\"11\" src=\"https:\/\/mannafm.hu\/wp-content\/plugins\/youtube-embed-plus\/images\/gallery-page-loader.gif\"><\/div><\/div><div class=\"epyt-gallery-allthumbs  epyt-cols-2 \"><div tabindex=\"0\" role=\"button\" data-videoid=\"oNmegp5vd8M\" class=\"epyt-gallery-thumb\"><div class=\"epyt-gallery-img-box\"><div class=\"epyt-gallery-img\" style=\"background-image: url(https:\/\/i.ytimg.com\/vi\/oNmegp5vd8M\/hqdefault.jpg)\"><div class=\"epyt-gallery-playhover\"><img loading=\"lazy\" decoding=\"async\" alt=\"play\" class=\"epyt-play-img\" width=\"30\" height=\"23\" src=\"https:\/\/mannafm.hu\/wp-content\/plugins\/youtube-embed-plus\/images\/playhover.png\" data-no-lazy=\"1\" data-skipgform_ajax_framebjll=\"\" \/><div class=\"epyt-gallery-playcrutch\"><\/div><\/div><\/div><\/div><div class=\"epyt-gallery-title\">Cebu, a F\u00fcl\u00f6p szigetek kapuja - Csal\u00e1di Manna<\/div><\/div><div tabindex=\"0\" role=\"button\" data-videoid=\"Snspeak4k3k\" class=\"epyt-gallery-thumb\"><div class=\"epyt-gallery-img-box\"><div class=\"epyt-gallery-img\" style=\"background-image: url(https:\/\/i.ytimg.com\/vi\/Snspeak4k3k\/hqdefault.jpg)\"><div class=\"epyt-gallery-playhover\"><img loading=\"lazy\" decoding=\"async\" alt=\"play\" class=\"epyt-play-img\" width=\"30\" height=\"23\" src=\"https:\/\/mannafm.hu\/wp-content\/plugins\/youtube-embed-plus\/images\/playhover.png\" data-no-lazy=\"1\" data-skipgform_ajax_framebjll=\"\" \/><div class=\"epyt-gallery-playcrutch\"><\/div><\/div><\/div><\/div><div class=\"epyt-gallery-title\">Fedezd fel Szav\u00edr\u00e1t! - Csal\u00e1dI Manna<\/div><\/div><div class=\"epyt-gallery-rowbreak\"><\/div><div tabindex=\"0\" role=\"button\" data-videoid=\"v-ccpXpudoc\" class=\"epyt-gallery-thumb\"><div class=\"epyt-gallery-img-box\"><div class=\"epyt-gallery-img\" style=\"background-image: url(https:\/\/i.ytimg.com\/vi\/v-ccpXpudoc\/hqdefault.jpg)\"><div class=\"epyt-gallery-playhover\"><img loading=\"lazy\" decoding=\"async\" alt=\"play\" class=\"epyt-play-img\" width=\"30\" height=\"23\" src=\"https:\/\/mannafm.hu\/wp-content\/plugins\/youtube-embed-plus\/images\/playhover.png\" data-no-lazy=\"1\" data-skipgform_ajax_framebjll=\"\" \/><div class=\"epyt-gallery-playcrutch\"><\/div><\/div><\/div><\/div><div class=\"epyt-gallery-title\">Kalandoz\u00e1s Marrakeshben - Csal\u00e1di Manna<\/div><\/div><div tabindex=\"0\" role=\"button\" data-videoid=\"HL_OORv0pRM\" class=\"epyt-gallery-thumb\"><div class=\"epyt-gallery-img-box\"><div class=\"epyt-gallery-img\" style=\"background-image: url(https:\/\/i.ytimg.com\/vi\/HL_OORv0pRM\/hqdefault.jpg)\"><div class=\"epyt-gallery-playhover\"><img loading=\"lazy\" decoding=\"async\" alt=\"play\" class=\"epyt-play-img\" width=\"30\" height=\"23\" src=\"https:\/\/mannafm.hu\/wp-content\/plugins\/youtube-embed-plus\/images\/playhover.png\" data-no-lazy=\"1\" data-skipgform_ajax_framebjll=\"\" \/><div class=\"epyt-gallery-playcrutch\"><\/div><\/div><\/div><\/div><div class=\"epyt-gallery-title\">Marrakesh - Egy v\u00e1ros arcai \/Csal\u00e1di Manna<\/div><\/div><div class=\"epyt-gallery-rowbreak\"><\/div><div tabindex=\"0\" role=\"button\" data-videoid=\"ws7qqB23KkM\" class=\"epyt-gallery-thumb\"><div class=\"epyt-gallery-img-box\"><div class=\"epyt-gallery-img\" style=\"background-image: url(https:\/\/i.ytimg.com\/vi\/ws7qqB23KkM\/hqdefault.jpg)\"><div class=\"epyt-gallery-playhover\"><img loading=\"lazy\" decoding=\"async\" alt=\"play\" class=\"epyt-play-img\" width=\"30\" height=\"23\" src=\"https:\/\/mannafm.hu\/wp-content\/plugins\/youtube-embed-plus\/images\/playhover.png\" data-no-lazy=\"1\" data-skipgform_ajax_framebjll=\"\" \/><div class=\"epyt-gallery-playcrutch\"><\/div><\/div><\/div><\/div><div class=\"epyt-gallery-title\">Iv\u00e1n Szandra | A sz\u00edved is benne van (akusztik) | Live Session | Manna FM<\/div><\/div><div tabindex=\"0\" role=\"button\" data-videoid=\"A7B7q1Qvt2o\" class=\"epyt-gallery-thumb\"><div class=\"epyt-gallery-img-box\"><div class=\"epyt-gallery-img\" style=\"background-image: url(https:\/\/i.ytimg.com\/vi\/A7B7q1Qvt2o\/hqdefault.jpg)\"><div class=\"epyt-gallery-playhover\"><img loading=\"lazy\" decoding=\"async\" alt=\"play\" class=\"epyt-play-img\" width=\"30\" height=\"23\" src=\"https:\/\/mannafm.hu\/wp-content\/plugins\/youtube-embed-plus\/images\/playhover.png\" data-no-lazy=\"1\" data-skipgform_ajax_framebjll=\"\" \/><div class=\"epyt-gallery-playcrutch\"><\/div><\/div><\/div><\/div><div class=\"epyt-gallery-title\">Iv\u00e1n Szandra | 24 \u00f3ra (akusztik) | Live Session | Manna FM<\/div><\/div><div class=\"epyt-gallery-rowbreak\"><\/div><div tabindex=\"0\" role=\"button\" data-videoid=\"u5vN-JsFjw0\" class=\"epyt-gallery-thumb\"><div class=\"epyt-gallery-img-box\"><div class=\"epyt-gallery-img\" style=\"background-image: url(https:\/\/i.ytimg.com\/vi\/u5vN-JsFjw0\/hqdefault.jpg)\"><div class=\"epyt-gallery-playhover\"><img loading=\"lazy\" decoding=\"async\" alt=\"play\" class=\"epyt-play-img\" width=\"30\" height=\"23\" src=\"https:\/\/mannafm.hu\/wp-content\/plugins\/youtube-embed-plus\/images\/playhover.png\" data-no-lazy=\"1\" data-skipgform_ajax_framebjll=\"\" \/><div class=\"epyt-gallery-playcrutch\"><\/div><\/div><\/div><\/div><div class=\"epyt-gallery-title\">Iv\u00e1n Szandra | Live Session | Manna FM<\/div><\/div><div tabindex=\"0\" role=\"button\" data-videoid=\"H_voQQIZGRc\" class=\"epyt-gallery-thumb\"><div class=\"epyt-gallery-img-box\"><div class=\"epyt-gallery-img\" style=\"background-image: url(https:\/\/i.ytimg.com\/vi\/H_voQQIZGRc\/hqdefault.jpg)\"><div class=\"epyt-gallery-playhover\"><img loading=\"lazy\" decoding=\"async\" alt=\"play\" class=\"epyt-play-img\" width=\"30\" height=\"23\" src=\"https:\/\/mannafm.hu\/wp-content\/plugins\/youtube-embed-plus\/images\/playhover.png\" data-no-lazy=\"1\" data-skipgform_ajax_framebjll=\"\" \/><div class=\"epyt-gallery-playcrutch\"><\/div><\/div><\/div><\/div><div class=\"epyt-gallery-title\">Oliv\u00e9r | Live Session | Manna FM<\/div><\/div><div class=\"epyt-gallery-rowbreak\"><\/div><div tabindex=\"0\" role=\"button\" data-videoid=\"LMnZKXzBUlo\" class=\"epyt-gallery-thumb\"><div class=\"epyt-gallery-img-box\"><div class=\"epyt-gallery-img\" style=\"background-image: url(https:\/\/i.ytimg.com\/vi\/LMnZKXzBUlo\/hqdefault.jpg)\"><div class=\"epyt-gallery-playhover\"><img loading=\"lazy\" decoding=\"async\" alt=\"play\" class=\"epyt-play-img\" width=\"30\" height=\"23\" src=\"https:\/\/mannafm.hu\/wp-content\/plugins\/youtube-embed-plus\/images\/playhover.png\" data-no-lazy=\"1\" data-skipgform_ajax_framebjll=\"\" \/><div class=\"epyt-gallery-playcrutch\"><\/div><\/div><\/div><\/div><div class=\"epyt-gallery-title\">R\u00e1k B\u00e9la | Live Session | Manna FM<\/div><\/div><div tabindex=\"0\" role=\"button\" data-videoid=\"rD5og0gmtK8\" class=\"epyt-gallery-thumb\"><div class=\"epyt-gallery-img-box\"><div class=\"epyt-gallery-img\" style=\"background-image: url(https:\/\/i.ytimg.com\/vi\/rD5og0gmtK8\/hqdefault.jpg)\"><div class=\"epyt-gallery-playhover\"><img loading=\"lazy\" decoding=\"async\" alt=\"play\" class=\"epyt-play-img\" width=\"30\" height=\"23\" src=\"https:\/\/mannafm.hu\/wp-content\/plugins\/youtube-embed-plus\/images\/playhover.png\" data-no-lazy=\"1\" data-skipgform_ajax_framebjll=\"\" \/><div class=\"epyt-gallery-playcrutch\"><\/div><\/div><\/div><\/div><div class=\"epyt-gallery-title\">Marge | Csill\u00e1m (akusztik) | Live Session | Manna FM<\/div><\/div><div class=\"epyt-gallery-rowbreak\"><\/div><div tabindex=\"0\" role=\"button\" data-videoid=\"mzR1aIXCfDc\" class=\"epyt-gallery-thumb\"><div class=\"epyt-gallery-img-box\"><div class=\"epyt-gallery-img\" style=\"background-image: url(https:\/\/i.ytimg.com\/vi\/mzR1aIXCfDc\/hqdefault.jpg)\"><div class=\"epyt-gallery-playhover\"><img loading=\"lazy\" decoding=\"async\" alt=\"play\" class=\"epyt-play-img\" width=\"30\" height=\"23\" src=\"https:\/\/mannafm.hu\/wp-content\/plugins\/youtube-embed-plus\/images\/playhover.png\" data-no-lazy=\"1\" data-skipgform_ajax_framebjll=\"\" \/><div class=\"epyt-gallery-playcrutch\"><\/div><\/div><\/div><\/div><div class=\"epyt-gallery-title\">Marge | N\u00e9lk\u00fcled (akusztik) | Live Session | Manna FM<\/div><\/div><div tabindex=\"0\" role=\"button\" data-videoid=\"928Uzm7eCh4\" class=\"epyt-gallery-thumb\"><div class=\"epyt-gallery-img-box\"><div class=\"epyt-gallery-img\" style=\"background-image: url(https:\/\/i.ytimg.com\/vi\/928Uzm7eCh4\/hqdefault.jpg)\"><div class=\"epyt-gallery-playhover\"><img loading=\"lazy\" decoding=\"async\" alt=\"play\" class=\"epyt-play-img\" width=\"30\" height=\"23\" src=\"https:\/\/mannafm.hu\/wp-content\/plugins\/youtube-embed-plus\/images\/playhover.png\" data-no-lazy=\"1\" data-skipgform_ajax_framebjll=\"\" \/><div class=\"epyt-gallery-playcrutch\"><\/div><\/div><\/div><\/div><div class=\"epyt-gallery-title\">Marge | Live Session | Manna FM<\/div><\/div><div class=\"epyt-gallery-rowbreak\"><\/div><div tabindex=\"0\" role=\"button\" data-videoid=\"343ps78BjxE\" class=\"epyt-gallery-thumb\"><div class=\"epyt-gallery-img-box\"><div class=\"epyt-gallery-img\" style=\"background-image: url(https:\/\/i.ytimg.com\/vi\/343ps78BjxE\/hqdefault.jpg)\"><div class=\"epyt-gallery-playhover\"><img loading=\"lazy\" decoding=\"async\" alt=\"play\" class=\"epyt-play-img\" width=\"30\" height=\"23\" src=\"https:\/\/mannafm.hu\/wp-content\/plugins\/youtube-embed-plus\/images\/playhover.png\" data-no-lazy=\"1\" data-skipgform_ajax_framebjll=\"\" \/><div class=\"epyt-gallery-playcrutch\"><\/div><\/div><\/div><\/div><div class=\"epyt-gallery-title\">A p\u00e1nikbetegs\u00e9g kamu?! | V\u00e9lem\u00e9nyvez\u00e9rek - Kembe Sorel \u00e9s Indi\u00e1n | Manna FM<\/div><\/div><div tabindex=\"0\" role=\"button\" data-videoid=\"yC0H1OEqVcM\" class=\"epyt-gallery-thumb\"><div class=\"epyt-gallery-img-box\"><div class=\"epyt-gallery-img\" style=\"background-image: url(https:\/\/i.ytimg.com\/vi\/yC0H1OEqVcM\/hqdefault.jpg)\"><div class=\"epyt-gallery-playhover\"><img loading=\"lazy\" decoding=\"async\" alt=\"play\" class=\"epyt-play-img\" width=\"30\" height=\"23\" src=\"https:\/\/mannafm.hu\/wp-content\/plugins\/youtube-embed-plus\/images\/playhover.png\" data-no-lazy=\"1\" data-skipgform_ajax_framebjll=\"\" \/><div class=\"epyt-gallery-playcrutch\"><\/div><\/div><\/div><\/div><div class=\"epyt-gallery-title\">Heidi Albert | Beton.Hofi - OFFWHITE (cover) | Live Session | Manna FM<\/div><\/div><div class=\"epyt-gallery-rowbreak\"><\/div><div tabindex=\"0\" role=\"button\" data-videoid=\"8labT_alvh8\" class=\"epyt-gallery-thumb\"><div class=\"epyt-gallery-img-box\"><div class=\"epyt-gallery-img\" style=\"background-image: url(https:\/\/i.ytimg.com\/vi\/8labT_alvh8\/hqdefault.jpg)\"><div class=\"epyt-gallery-playhover\"><img loading=\"lazy\" decoding=\"async\" alt=\"play\" class=\"epyt-play-img\" width=\"30\" height=\"23\" src=\"https:\/\/mannafm.hu\/wp-content\/plugins\/youtube-embed-plus\/images\/playhover.png\" data-no-lazy=\"1\" data-skipgform_ajax_framebjll=\"\" \/><div class=\"epyt-gallery-playcrutch\"><\/div><\/div><\/div><\/div><div class=\"epyt-gallery-title\">Heidi Albert | Bill Withers - Ain&#039;t No Sunshine (cover) | Live Session | Manna FM<\/div><\/div><div class=\"epyt-gallery-clear\"><\/div><\/div><div class=\"epyt-pagination \"><div tabindex=\"0\" role=\"button\" class=\"epyt-pagebutton epyt-prev  hide \" data-playlistid=\"UUF7roRFYMHmVhuIB81IDkZA\" data-pagesize=\"15\" data-pagetoken=\"\" data-epcolumns=\"2\" data-showtitle=\"1\" data-showpaging=\"1\" data-autonext=\"0\" data-thumbplay=\"1\"><div class=\"epyt-arrow\">&laquo;<\/div> <div>Prev<\/div><\/div><div class=\"epyt-pagenumbers \"><div class=\"epyt-current\">1<\/div><div class=\"epyt-pageseparator\"> \/ <\/div><div class=\"epyt-totalpages\">25<\/div><\/div><div tabindex=\"0\" role=\"button\" class=\"epyt-pagebutton epyt-next\" data-playlistid=\"UUF7roRFYMHmVhuIB81IDkZA\" data-pagesize=\"15\" data-pagetoken=\"EAAaHlBUOkNBOGlFRFEyTjBSR1FqYzJNVVF3T0RGQlF6SQ\" data-epcolumns=\"2\" data-showtitle=\"1\" data-showpaging=\"1\" data-autonext=\"0\" data-thumbplay=\"1\"><div>Next<\/div> <div class=\"epyt-arrow\">&raquo;<\/div><\/div><div class=\"epyt-loader\"><img loading=\"lazy\" decoding=\"async\" alt=\"loading\" width=\"16\" height=\"11\" src=\"https:\/\/mannafm.hu\/wp-content\/plugins\/youtube-embed-plus\/images\/gallery-page-loader.gif\"><\/div><\/div><\/div><\/div>\n","protected":false},"excerpt":{"rendered":"Iratkozzon fel csatorn\u00e1nkra!&laquo; Prev1 \/ 25Next &raquo;Cebu, a F\u00fcl\u00f6p szigetek kapuja - Csal\u00e1di MannaFedezd fel Szav\u00edr\u00e1t! - Csal\u00e1dI MannaKalandoz\u00e1s Marrakeshben - Csal\u00e1di MannaMarrakesh - Egy v\u00e1ros arcai \/Csal\u00e1di MannaIv\u00e1n Szandra | A sz\u00edved is benne van (akusztik) | Live Session | Manna FMIv\u00e1n Szandra | 24 \u00f3ra (akusztik) | Live Session | Manna FMIv\u00e1n Szandra [...]","protected":false},"author":5,"featured_media":5487,"parent":0,"menu_order":0,"comment_status":"closed","ping_status":"closed","template":"page-nosidebar.php","meta":{"footnotes":""},"class_list":["post-5342","page","type-page","status-publish","has-post-thumbnail","hentry"],"yoast_head":"<!-- This site is optimized with the Yoast SEO plugin v27.4 - https:\/\/yoast.com\/product\/yoast-seo-wordpress\/ -->\n<title>Videos - Manna FM<\/title>\n<meta name=\"robots\" content=\"index, follow, max-snippet:-1, max-image-preview:large, max-video-preview:-1\" \/>\n<link rel=\"canonical\" href=\"https:\/\/mannafm.hu\/en\/videos\/\" \/>\n<meta property=\"og:locale\" content=\"en_US\" \/>\n<meta property=\"og:type\" content=\"article\" \/>\n<meta property=\"og:title\" content=\"Videos - Manna FM\" \/>\n<meta property=\"og:url\" content=\"https:\/\/mannafm.hu\/en\/videos\/\" \/>\n<meta property=\"og:site_name\" content=\"Manna FM\" \/>\n<meta property=\"article:publisher\" content=\"https:\/\/www.facebook.com\/mannafmofficial\" \/>\n<meta property=\"article:modified_time\" content=\"2019-04-18T18:52:04+00:00\" \/>\n<meta property=\"og:image\" content=\"https:\/\/mannafm.hu\/wp-content\/uploads\/2019\/02\/Manna_fm_global_header_img_s.jpg\" \/>\n\t<meta property=\"og:image:width\" content=\"2000\" \/>\n\t<meta property=\"og:image:height\" content=\"700\" \/>\n\t<meta property=\"og:image:type\" content=\"image\/jpeg\" \/>\n<meta name=\"twitter:card\" content=\"summary_large_image\" \/>\n<script type=\"application\/ld+json\" class=\"yoast-schema-graph\">{\"@context\":\"https:\\\/\\\/schema.org\",\"@graph\":[{\"@type\":\"WebPage\",\"@id\":\"https:\\\/\\\/mannafm.hu\\\/en\\\/videos\\\/\",\"url\":\"https:\\\/\\\/mannafm.hu\\\/en\\\/videos\\\/\",\"name\":\"Videos - Manna FM\",\"isPartOf\":{\"@id\":\"https:\\\/\\\/mannafm.hu\\\/en\\\/#website\"},\"primaryImageOfPage\":{\"@id\":\"https:\\\/\\\/mannafm.hu\\\/en\\\/videos\\\/#primaryimage\"},\"image\":{\"@id\":\"https:\\\/\\\/mannafm.hu\\\/en\\\/videos\\\/#primaryimage\"},\"thumbnailUrl\":\"https:\\\/\\\/mannafm.hu\\\/wp-content\\\/uploads\\\/2019\\\/02\\\/Manna_fm_global_header_img_s.jpg\",\"datePublished\":\"2019-03-06T12:58:09+00:00\",\"dateModified\":\"2019-04-18T18:52:04+00:00\",\"breadcrumb\":{\"@id\":\"https:\\\/\\\/mannafm.hu\\\/en\\\/videos\\\/#breadcrumb\"},\"inLanguage\":\"en-US\",\"potentialAction\":[{\"@type\":\"ReadAction\",\"target\":[\"https:\\\/\\\/mannafm.hu\\\/en\\\/videos\\\/\"]}]},{\"@type\":\"ImageObject\",\"inLanguage\":\"en-US\",\"@id\":\"https:\\\/\\\/mannafm.hu\\\/en\\\/videos\\\/#primaryimage\",\"url\":\"https:\\\/\\\/mannafm.hu\\\/wp-content\\\/uploads\\\/2019\\\/02\\\/Manna_fm_global_header_img_s.jpg\",\"contentUrl\":\"https:\\\/\\\/mannafm.hu\\\/wp-content\\\/uploads\\\/2019\\\/02\\\/Manna_fm_global_header_img_s.jpg\",\"width\":2000,\"height\":700},{\"@type\":\"BreadcrumbList\",\"@id\":\"https:\\\/\\\/mannafm.hu\\\/en\\\/videos\\\/#breadcrumb\",\"itemListElement\":[{\"@type\":\"ListItem\",\"position\":1,\"name\":\"HOME\",\"item\":\"https:\\\/\\\/mannafm.hu\\\/en\\\/mannafm-we-tune-you-in-to-joy\\\/\"},{\"@type\":\"ListItem\",\"position\":2,\"name\":\"Videos\"}]},{\"@type\":\"WebSite\",\"@id\":\"https:\\\/\\\/mannafm.hu\\\/en\\\/#website\",\"url\":\"https:\\\/\\\/mannafm.hu\\\/en\\\/\",\"name\":\"Manna FM\",\"description\":\"Manna FM - We tune you in to joy!\",\"publisher\":{\"@id\":\"https:\\\/\\\/mannafm.hu\\\/en\\\/#organization\"},\"potentialAction\":[{\"@type\":\"SearchAction\",\"target\":{\"@type\":\"EntryPoint\",\"urlTemplate\":\"https:\\\/\\\/mannafm.hu\\\/en\\\/?s={search_term_string}\"},\"query-input\":{\"@type\":\"PropertyValueSpecification\",\"valueRequired\":true,\"valueName\":\"search_term_string\"}}],\"inLanguage\":\"en-US\"},{\"@type\":\"Organization\",\"@id\":\"https:\\\/\\\/mannafm.hu\\\/en\\\/#organization\",\"name\":\"Manna FM\",\"url\":\"https:\\\/\\\/mannafm.hu\\\/en\\\/\",\"logo\":{\"@type\":\"ImageObject\",\"inLanguage\":\"en-US\",\"@id\":\"https:\\\/\\\/mannafm.hu\\\/en\\\/#\\\/schema\\\/logo\\\/image\\\/\",\"url\":\"https:\\\/\\\/mannafm.hu\\\/wp-content\\\/uploads\\\/2021\\\/09\\\/ujmanna-logo-hatteres-600.jpg\",\"contentUrl\":\"https:\\\/\\\/mannafm.hu\\\/wp-content\\\/uploads\\\/2021\\\/09\\\/ujmanna-logo-hatteres-600.jpg\",\"width\":600,\"height\":337,\"caption\":\"Manna FM\"},\"image\":{\"@id\":\"https:\\\/\\\/mannafm.hu\\\/en\\\/#\\\/schema\\\/logo\\\/image\\\/\"},\"sameAs\":[\"https:\\\/\\\/www.facebook.com\\\/mannafmofficial\",\"https:\\\/\\\/www.instagram.com\\\/manna_fm\\\/\"]}]}<\/script>\n<!-- \/ Yoast SEO plugin. -->","yoast_head_json":{"title":"Videos - Manna FM","robots":{"index":"index","follow":"follow","max-snippet":"max-snippet:-1","max-image-preview":"max-image-preview:large","max-video-preview":"max-video-preview:-1"},"canonical":"https:\/\/mannafm.hu\/en\/videos\/","og_locale":"en_US","og_type":"article","og_title":"Videos - Manna FM","og_url":"https:\/\/mannafm.hu\/en\/videos\/","og_site_name":"Manna FM","article_publisher":"https:\/\/www.facebook.com\/mannafmofficial","article_modified_time":"2019-04-18T18:52:04+00:00","og_image":[{"width":2000,"height":700,"url":"https:\/\/mannafm.hu\/wp-content\/uploads\/2019\/02\/Manna_fm_global_header_img_s.jpg","type":"image\/jpeg"}],"twitter_card":"summary_large_image","schema":{"@context":"https:\/\/schema.org","@graph":[{"@type":"WebPage","@id":"https:\/\/mannafm.hu\/en\/videos\/","url":"https:\/\/mannafm.hu\/en\/videos\/","name":"Videos - Manna FM","isPartOf":{"@id":"https:\/\/mannafm.hu\/en\/#website"},"primaryImageOfPage":{"@id":"https:\/\/mannafm.hu\/en\/videos\/#primaryimage"},"image":{"@id":"https:\/\/mannafm.hu\/en\/videos\/#primaryimage"},"thumbnailUrl":"https:\/\/mannafm.hu\/wp-content\/uploads\/2019\/02\/Manna_fm_global_header_img_s.jpg","datePublished":"2019-03-06T12:58:09+00:00","dateModified":"2019-04-18T18:52:04+00:00","breadcrumb":{"@id":"https:\/\/mannafm.hu\/en\/videos\/#breadcrumb"},"inLanguage":"en-US","potentialAction":[{"@type":"ReadAction","target":["https:\/\/mannafm.hu\/en\/videos\/"]}]},{"@type":"ImageObject","inLanguage":"en-US","@id":"https:\/\/mannafm.hu\/en\/videos\/#primaryimage","url":"https:\/\/mannafm.hu\/wp-content\/uploads\/2019\/02\/Manna_fm_global_header_img_s.jpg","contentUrl":"https:\/\/mannafm.hu\/wp-content\/uploads\/2019\/02\/Manna_fm_global_header_img_s.jpg","width":2000,"height":700},{"@type":"BreadcrumbList","@id":"https:\/\/mannafm.hu\/en\/videos\/#breadcrumb","itemListElement":[{"@type":"ListItem","position":1,"name":"HOME","item":"https:\/\/mannafm.hu\/en\/mannafm-we-tune-you-in-to-joy\/"},{"@type":"ListItem","position":2,"name":"Videos"}]},{"@type":"WebSite","@id":"https:\/\/mannafm.hu\/en\/#website","url":"https:\/\/mannafm.hu\/en\/","name":"Manna FM","description":"Manna FM - We tune you in to joy!","publisher":{"@id":"https:\/\/mannafm.hu\/en\/#organization"},"potentialAction":[{"@type":"SearchAction","target":{"@type":"EntryPoint","urlTemplate":"https:\/\/mannafm.hu\/en\/?s={search_term_string}"},"query-input":{"@type":"PropertyValueSpecification","valueRequired":true,"valueName":"search_term_string"}}],"inLanguage":"en-US"},{"@type":"Organization","@id":"https:\/\/mannafm.hu\/en\/#organization","name":"Manna FM","url":"https:\/\/mannafm.hu\/en\/","logo":{"@type":"ImageObject","inLanguage":"en-US","@id":"https:\/\/mannafm.hu\/en\/#\/schema\/logo\/image\/","url":"https:\/\/mannafm.hu\/wp-content\/uploads\/2021\/09\/ujmanna-logo-hatteres-600.jpg","contentUrl":"https:\/\/mannafm.hu\/wp-content\/uploads\/2021\/09\/ujmanna-logo-hatteres-600.jpg","width":600,"height":337,"caption":"Manna FM"},"image":{"@id":"https:\/\/mannafm.hu\/en\/#\/schema\/logo\/image\/"},"sameAs":["https:\/\/www.facebook.com\/mannafmofficial","https:\/\/www.instagram.com\/manna_fm\/"]}]}},"_links":{"self":[{"href":"https:\/\/mannafm.hu\/en\/wp-json\/wp\/v2\/pages\/5342","targetHints":{"allow":["GET"]}}],"collection":[{"href":"https:\/\/mannafm.hu\/en\/wp-json\/wp\/v2\/pages"}],"about":[{"href":"https:\/\/mannafm.hu\/en\/wp-json\/wp\/v2\/types\/page"}],"author":[{"embeddable":true,"href":"https:\/\/mannafm.hu\/en\/wp-json\/wp\/v2\/users\/5"}],"replies":[{"embeddable":true,"href":"https:\/\/mannafm.hu\/en\/wp-json\/wp\/v2\/comments?post=5342"}],"version-history":[{"count":0,"href":"https:\/\/mannafm.hu\/en\/wp-json\/wp\/v2\/pages\/5342\/revisions"}],"wp:featuredmedia":[{"embeddable":true,"href":"https:\/\/mannafm.hu\/en\/wp-json\/wp\/v2\/media\/5487"}],"wp:attachment":[{"href":"https:\/\/mannafm.hu\/en\/wp-json\/wp\/v2\/media?parent=5342"}],"curies":[{"name":"wp","href":"https:\/\/api.w.org\/{rel}","templated":true}]}}